{"id":11054,"date":"2025-11-25T14:48:23","date_gmt":"2025-11-25T13:48:23","guid":{"rendered":"https:\/\/www.youcook-food.com\/datenschutz\/"},"modified":"2026-04-22T14:35:57","modified_gmt":"2026-04-22T13:35:57","slug":"politique-de-confidentialite","status":"publish","type":"page","link":"https:\/\/www.youcook-food.com\/fr\/politique-de-confidentialite\/","title":{"rendered":"Politique de Confidentialit\u00e9"},"content":{"rendered":"<p>[vc_row video_bg=&#8221;yes&#8221; video_local_mp4_url=&#8221;https:\/\/www.youcook-food.com\/wp-content\/uploads\/2026\/01\/disco_gruen.mp4.mp4&#8243; bg_position=&#8221;center top&#8221; enable_overlay=&#8221;yes&#8221; css=&#8221;.vc_custom_1772793112251{padding-top: 100px !important;padding-bottom: 5% !important;background-image: url(https:\/\/www.youcook-food.com\/wp-content\/uploads\/2025\/12\/YC_BACKGROUND-1.jpg?id=897) !important;background-position: center !important;background-repeat: no-repeat !important;background-size: cover !important;}&#8221; overlay_bg=&#8221;linear-gradient(180deg, rgba(12,18,4,0.3) 1.59236%, rgb(12,18,4) 87.2611%)&#8221; responsive_css=&#8221;padding_top_small:250px&#8221;][vc_column el_class=&#8221;text-center&#8221;]<style>.ld_fancy_heading_69ed1f33ddef6 h3{color:rgb(255, 255, 255);}.ld_fancy_heading_69ed1f33ddef6 h3 {font-size:2.15em; } @media (min-width: 768px) { .ld_fancy_heading_69ed1f33ddef6 h3 {font-size:5em; }  } .ld_fancy_heading_69ed1f33ddef6 h3 {margin-bottom:2.5% !important;  } .ld_fancy_heading_69ed1f33ddef6 .lqd-highlight-inner{height:0.275em!important;bottom:0px!important;}.ld_fancy_heading_69ed1f33ddef6 h3 {font-size:2.15em; } @media (min-width: 768px) { .ld_fancy_heading_69ed1f33ddef6 h3 {font-size:5em; }  } .ld_fancy_heading_69ed1f33ddef6 h3 {margin-bottom:2.5% !important;  } <\/style><div class=\"ld-fancy-heading ld_fancy_heading_69ed1f33ddef6\">\n\t<h3 class=\"ld-fh-element lqd-highlight-underline lqd-highlight-grow-left text-decoration-default\"   >  Politique de confidentialit\u00e9 de YOUCOOK GmbH<\/h3><\/div><style>.ld_fancy_heading_69ed1f33de19b p{color:rgb(255, 255, 255);}.ld_fancy_heading_69ed1f33de19b .lqd-highlight-inner{height:0.275em!important;bottom:0px!important;}<\/style><div class=\"ld-fancy-heading ld_fancy_heading_69ed1f33de19b\">\n\t<p class=\"ld-fh-element lqd-highlight-underline lqd-highlight-grow-left text-decoration-default\"   >  Nous sommes heureux que vous visitiez notre site web et nous vous remercions de l&#8217;int\u00e9r\u00eat que vous portez \u00e0 notre entreprise, nos produits et notre site. La protection de votre vie priv\u00e9e lorsque vous utilisez nos sites web est importante pour nous. Par cons\u00e9quent, nous agissons conform\u00e9ment aux dispositions l\u00e9gales applicables en mati\u00e8re de protection des donn\u00e9es personnelles et de s\u00e9curit\u00e9 des donn\u00e9es.<\/p><\/div>[\/vc_column][\/vc_row][vc_row css=&#8221;.vc_custom_1768473471770{margin-bottom: 5% !important;}&#8221;][vc_column el_class=&#8221;text-center&#8221;]<style>.ld_fancy_heading_69ed1f33de343 p{color:rgb(255, 255, 255);}.ld_fancy_heading_69ed1f33de343 .lqd-highlight-inner{height:0.275em!important;bottom:0px!important;}<\/style><div class=\"ld-fancy-heading ld_fancy_heading_69ed1f33de343\">\n\t<p class=\"ld-fh-element lqd-highlight-underline lqd-highlight-grow-left text-decoration-default\"   >  Vous trouverez ci-apr\u00e8s les sites internet auxquels s&#8217;applique la pr\u00e9sente d\u00e9claration de protection des donn\u00e9es, les donn\u00e9es que nous collectons, traitons et utilisons, les droits dont vous disposez en mati\u00e8re d&#8217;information et bien plus encore. Afin de pouvoir r\u00e9pondre rapidement et de mani\u00e8re compr\u00e9hensible \u00e0 vos questions, nous avons con\u00e7u notre d\u00e9claration de protection des donn\u00e9es sous forme de questions et r\u00e9ponses.<\/p>\n<h5><b>Qui est responsable de ce site web ?<br \/>\n<\/b><\/h5>\n<p>Le bureau mentionn\u00e9 dans <a title=\"Impressum\" href=\"https:\/\/www.youcook-food.com\/impressum\/\">l&#8217;empreinte<\/a> est responsable de la collecte et du traitement des donn\u00e9es d\u00e9crites ci-dessous.<\/p>\n<h5><b>\u00c0 quels sites web cette politique de confidentialit\u00e9 s&#8217;applique-t-elle ?<\/b><\/h5>\n<p>La pr\u00e9sente d\u00e9claration de protection des donn\u00e9es s&#8217;applique \u00e0 l&#8217;utilisation des sites web propos\u00e9s par YOUCOOK GmbH (ci-apr\u00e8s d\u00e9nomm\u00e9e &#8220;YOUCOOK&#8221;) (ci-apr\u00e8s d\u00e9nomm\u00e9s &#8220;sites web de YOUCOOK&#8221;). La pr\u00e9sente d\u00e9claration de protection des donn\u00e9es ne s&#8217;applique pas aux sites web d&#8217;autres prestataires de services auxquels les sites web de YOUCOOK renvoient simplement par le biais d&#8217;un lien.<\/p>\n<h5><b>Qu&#8217;est-ce qu&#8217;une donn\u00e9e personnelle ?<\/b><\/h5>\n<p>Les donn\u00e9es personnelles sont des informations individuelles sur les circonstances personnelles ou factuelles d&#8217;une personne physique sp\u00e9cifique ou identifiable. Par exemple, votre nom, votre adresse, votre compte, votre carte d&#8217;identit\u00e9 ou votre num\u00e9ro de t\u00e9l\u00e9phone, le num\u00e9ro d&#8217;immatriculation de votre voiture, votre adresse \u00e9lectronique ou votre num\u00e9ro IP sont des donn\u00e9es \u00e0 caract\u00e8re personnel. Les donn\u00e9es non personnelles, quant \u00e0 elles, sont des donn\u00e9es qui rendent impossible la d\u00e9termination de votre identit\u00e9 r\u00e9elle. Il s&#8217;agit, par exemple, d&#8217;informations sur votre sexe, le navigateur que vous utilisez ou la marque de voiture que vous pr\u00e9f\u00e9rez.<\/p>\n<h5><b>Est-ce que je resterai anonyme lorsque j&#8217;utiliserai les sites web de YOUCOOK ?<br \/>\n<\/b><\/h5>\n<p>Oui, vous restez anonyme lorsque vous utilisez les sites web de YOUCOOK tant que vous ne nous fournissez pas volontairement des donn\u00e9es personnelles. La seule exception \u00e0 ce principe est la collecte et le stockage automatiques et temporaires de votre num\u00e9ro IP. Vous pouvez en savoir plus \u00e0 ce sujet ci-dessous.<\/p>\n<h5><b>Les donn\u00e9es personnelles sont-elles collect\u00e9es et trait\u00e9es automatiquement ?<br \/>\n<\/b><\/h5>\n<p>Oui, nous recueillons automatiquement des informations sur le num\u00e9ro IP attribu\u00e9 \u00e0 votre ordinateur, le navigateur et le syst\u00e8me d&#8217;exploitation que vous utilisez et les pages web que vous avez consult\u00e9es chaque fois que vous visitez notre site web. Ces donn\u00e9es sont stock\u00e9es dans des fichiers journaux sur le serveur web. Seul le num\u00e9ro IP est une donn\u00e9e personnelle. Pour prot\u00e9ger nos syst\u00e8mes informatiques contre les abus, il est n\u00e9cessaire de stocker le num\u00e9ro IP de chaque visiteur pendant une p\u00e9riode de sept jours. La base juridique est l&#8217;article 6, paragraphe 1, alin\u00e9a f) de la DSGVO. Si nous utilisons \u00e9galement les fichiers journaux pour cr\u00e9er des profils d&#8217;utilisation, que ce soit \u00e0 des fins de publicit\u00e9, d&#8217;\u00e9tude de march\u00e9 ou de conception de nos sites web en fonction des besoins, les num\u00e9ros IP sont anonymis\u00e9s au pr\u00e9alable. Sinon, les num\u00e9ros IP sont supprim\u00e9s des fichiers journaux. Par cons\u00e9quent, vous restez anonyme dans tous les cas, m\u00eame avec la collecte automatique et le stockage temporaire de votre num\u00e9ro IP.<\/p>\n<h5><b>Dans quelles conditions les donn\u00e9es personnelles sont-elles par ailleurs collect\u00e9es, trait\u00e9es ou utilis\u00e9es ?<\/b><\/h5>\n<p>En outre, nous ne collectons, traitons ou utilisons des donn\u00e9es \u00e0 caract\u00e8re personnel que si vous nous les fournissez volontairement et si cela est \u00e9galement autoris\u00e9 par la loi ou si vous avez donn\u00e9 votre consentement. Cela se produit g\u00e9n\u00e9ralement lorsque vous concluez un contrat avec nous en ligne ou que vous nous soumettez une demande de renseignements.<\/p>\n<h5><b>Dans quel but les donn\u00e9es personnelles sont-elles collect\u00e9es, trait\u00e9es ou utilis\u00e9es ?<br \/>\n<\/b><\/h5>\n<p>Nous utilisons les donn\u00e9es personnelles que vous nous avez fournies exclusivement aux fins notifi\u00e9es ou convenues, c&#8217;est-\u00e0-dire, en r\u00e8gle g\u00e9n\u00e9rale, conform\u00e9ment \u00e0 l&#8217;art. 6 par. 1 al. b) DSGVO pour la pr\u00e9paration ou l&#8217;ex\u00e9cution du contrat conclu avec vous ou conform\u00e9ment \u00e0 l&#8217;art. 6 par. 1 al. f) DSGVO pour r\u00e9pondre \u00e0 votre demande.<\/p>\n<h5><b>Les donn\u00e9es personnelles sont-elles utilis\u00e9es \u00e0 des fins de publicit\u00e9 ou d&#8217;\u00e9tude de march\u00e9 ?<br \/>\n<\/b><\/h5>\n<p>Ce n&#8217;est pas le cas sans votre consentement. Afin de maintenir la relation client avec vous, nous sommes dans certains cas int\u00e9ress\u00e9s par l&#8217;utilisation de vos donn\u00e9es personnelles \u00e0 des fins publicitaires, d&#8217;\u00e9tudes de march\u00e9 ou autres. Toutefois, nous vous en informerons bien entendu au pr\u00e9alable et vous demanderons votre consentement expr\u00e8s, conform\u00e9ment \u00e0 l&#8217;article 6, paragraphe 1, alin\u00e9a a) de la DSGVO.<\/p>\n<h5><b>Les donn\u00e9es personnelles sont-elles transmises, vendues ou transf\u00e9r\u00e9es \u00e0 des tiers ?<br \/>\n<\/b><\/h5>\n<p>Vos donn\u00e9es personnelles ne seront pas transmises, vendues ou transf\u00e9r\u00e9es d&#8217;une autre mani\u00e8re \u00e0 des tiers, sauf si cela est n\u00e9cessaire pour le traitement du contrat conform\u00e9ment \u00e0 l&#8217;article 6, paragraphe 1, alin\u00e9a b) de la DSGVO ou si vous y avez express\u00e9ment consenti conform\u00e9ment \u00e0 l&#8217;article 6, paragraphe 1, alin\u00e9a a) de la DSGVO. Par exemple, il peut \u00eatre n\u00e9cessaire que nous transmettions votre adresse et vos donn\u00e9es de commande \u00e0 nos fournisseurs lorsque vous commandez des produits.<\/p>\n<h5><b>Puis-je retirer mon consentement ?<\/b><\/h5>\n<p>Oui. Vous avez la possibilit\u00e9 de vous opposer \u00e0 tout moment \u00e0 l&#8217;utilisation de vos donn\u00e9es personnelles convenue avec votre consentement pour l&#8217;avenir. Pour ce faire, veuillez contacter le bureau dont le nom figure ci-dessous.<\/p>\n<h5><b>Des cookies sont-ils utilis\u00e9s sur le site web de YOUCOOK ?<\/b><\/h5>\n<p>Nous utilisons g\u00e9n\u00e9ralement des cookies de session sur les sites web de YOUCOOK, qui stockent des donn\u00e9es pour le contr\u00f4le technique de la session dans la m\u00e9moire de votre navigateur. Ces donn\u00e9es ne sont pas personnelles et sont supprim\u00e9es au plus tard lorsque vous fermez votre navigateur. Si, exceptionnellement, nous souhaitons \u00e9galement stocker des donn\u00e9es personnelles dans un cookie, nous obtiendrons votre consentement expr\u00e8s au pr\u00e9alable, conform\u00e9ment \u00e0 l&#8217;article 6 (1) a) DSGVO.<\/p>\n<p>Le traitement est fond\u00e9 sur l&#8217;article 6, paragraphe 1, alin\u00e9a f) de la DSGVO et dans l&#8217;int\u00e9r\u00eat d&#8217;optimiser ou de permettre le guidage des utilisateurs et d&#8217;adapter la pr\u00e9sentation de notre site web.<\/p>\n<h5><b>Comment puis-je emp\u00eacher de mani\u00e8re g\u00e9n\u00e9rale l&#8217;enregistrement de cookies sur mon ordinateur ?<\/b><\/h5>\n<p>Bien que les cookies ne soient concern\u00e9s par la loi sur la protection des donn\u00e9es que si des donn\u00e9es personnelles y sont stock\u00e9es, bon nombre d&#8217;internautes sont fondamentalement sceptiques \u00e0 l&#8217;\u00e9gard de ces petits paquets de donn\u00e9es. Nous tenons donc \u00e0 souligner que vous pouvez \u00e9galement vous prot\u00e9ger contre le stockage de cookies sur votre ordinateur ou visualiser le contenu des cookies. Les navigateurs actuels mettent \u00e0 votre disposition diverses fonctions \u00e0 cet effet, que vous pouvez d\u00e9couvrir dans la section d&#8217;aide de votre navigateur. Par exemple, il suffit de param\u00e9trer votre navigateur internet pour qu&#8217;il bloque automatiquement tous les cookies ou qu&#8217;il vous avertisse avant qu&#8217;un cookie ne soit stock\u00e9. Toutefois, nous tenons \u00e0 souligner que cela peut \u00eatre associ\u00e9 \u00e0 une restriction fonctionnelle de l&#8217;utilisation des sites web de YOUCOOK et des sites web d&#8217;autres prestataires de services.<\/p>\n<h5><b>Que dois-je savoir sur les pages Facebook\/Instagram et WhatsApp et Signal de YOUCOOK ?<\/b><\/h5>\n<p>Nous exploitons une page officielle Facebook\/Instagram sur la base de l&#8217;article 6 alin\u00e9a 1.f) DSGVO et utilisons WhatsApp et Signal comme canal de communication. Nous ne collectons, ne stockons et ne traitons \u00e0 aucun moment les donn\u00e9es personnelles de nos utilisateurs sur ces pages ou canaux. En outre, aucun autre traitement de donn\u00e9es n&#8217;est effectu\u00e9 ou initi\u00e9 par nous. Les donn\u00e9es que vous saisissez sur nos pages Facebook\/ Instagram, telles que les commentaires, les vid\u00e9os ou les images, ne sont jamais utilis\u00e9es ou trait\u00e9es par nous \u00e0 d&#8217;autres fins.<\/p>\n<p>Facebook utilise sur ces pages des m\u00e9thodes dites de &#8220;web tracking&#8221;. Sachez que l&#8217;on ne peut exclure que Facebook utilise les donn\u00e9es de votre profil, par exemple pour \u00e9valuer vos habitudes, vos relations personnelles, vos pr\u00e9f\u00e9rences, etc. Nous n&#8217;avons aucune influence sur le traitement de vos donn\u00e9es par Facebook.<\/p>\n<h5><b>Welche Rechte habe ich als Nutzer der Webseiten?<\/b><\/h5>\n<p>Bei Verarbeitung Ihrer personenbezogenen Daten gew\u00e4hrt die DSGVO Ihnen als Webseitennutzer bestimmte Rechte:<\/p>\n<p>1. Auskunftsrecht (Art. 15 DSGVO):<\/p>\n<p>Sie haben das Recht eine Best\u00e4tigung dar\u00fcber zu verlangen, ob sie betreffende personenbezogene Daten verarbeitet werden; ist dies der Fall, so haben Sie ein Recht auf Auskunft \u00fcber diese personenbezogenen Daten und auf die in Art. 15 DSGVO im einzelnen aufgef\u00fchrten Informationen.<\/p>\n<p>2. Recht auf Berichtigung und L\u00f6schung (Art. 16 und 17 DSGVO):<\/p>\n<p>Sie haben das Recht, unverz\u00fcglich die Berichtigung sie betreffender unrichtiger personenbezogener Daten und ggf. die Vervollst\u00e4ndigung unvollst\u00e4ndiger personenbezogener Daten zu verlangen.<\/p>\n<p>Sie haben zudem das Recht, zu verlangen, dass sie betreffende personenbezogene Daten unverz\u00fcglich gel\u00f6scht werden, sofern einer der in Art. 17 DSGVO im einzelnen aufgef\u00fchrten Gr\u00fcnde zutrifft, z. B. wenn die Daten f\u00fcr die verfolgten Zwecke nicht mehr ben\u00f6tigt werden.<\/p>\n<p>3. Recht auf Einschr\u00e4nkung der Verarbeitung (Art. 18 DSGVO):<\/p>\n<p>Sie haben das Recht, die Einschr\u00e4nkung der Verarbeitung zu verlangen, wenn eine der in Art. 18 DSGVO aufgef\u00fchrten Voraussetzungen gegeben ist, z. B. wenn Sie Widerspruch gegen die Verarbeitung eingelegt haben, f\u00fcr die Dauer einer etwaigen Pr\u00fcfung.<\/p>\n<p>4. Recht auf Daten\u00fcbertragbarkeit (Art. 20 DSGVO):<\/p>\n<p>In bestimmten F\u00e4llen, die in Art. 20 DSGVO im Einzelnen aufgef\u00fchrt werden, haben Sie das Recht, die sie betreffenden personenbezogenen Daten in einem strukturierten, g\u00e4ngigen und maschinenlesbaren Format zu erhalten bzw. die \u00dcbermittlung dieser Daten an einen Dritten zu verlangen.<\/p>\n<p>5. Widerspruchsrecht (Art. 21 DSGVO):<\/p>\n<p>Werden Daten auf Grundlage von Art. 6 Abs. 1 lit. f erhoben (Datenverarbeitung zur Wahrung berechtigter Interessen), steht Ihnen das Recht zu, aus Gr\u00fcnden, die sich aus Ihrer besonderen Situation ergeben, jederzeit gegen die Verarbeitung Wider-spruch einzulegen. Wir verarbeiten die personenbezogenen Daten dann nicht mehr, es sei denn, es liegen nachweisbar zwingende schutzw\u00fcrdige Gr\u00fcnde f\u00fcr die Verarbeitung vor, die die Interessen, Rechte und Freiheiten der betroffenen Person \u00fcber-wiegen, oder die Verarbeitung dient der Geltendmachung, Aus\u00fcbung oder Verteidigung von Rechtsanspr\u00fcchen.<\/p>\n<p>6. Beschwerderecht bei einer Aufsichtsbeh\u00f6rde<\/p>\n<p>Sie haben gem. Art. 77 DSGVO das Recht auf Beschwerde bei einer Aufsichtsbeh\u00f6rde, wenn Sie der Ansicht sind, dass die Verarbeitung der Sie betreffenden Daten gegen datenschutzrechtliche Bestimmungen verst\u00f6\u00dft. Das Beschwerderecht kann insbesondere bei einer Aufsichtsbeh\u00f6rde in dem Mitgliedstaat Ihres Aufenthaltsorts, Ihres Arbeitsplatzes oder des Orts des mutma\u00dflichen Versto\u00dfes geltend gemacht werden.<\/p>\n<h5><b>\u00c4ndert sich diese Datenschutzerkl\u00e4rung von Zeit zu Zeit?<\/b><\/h5>\n<p>Die schnelle technologische Entwicklung des Internets und die \u00c4nderungen von Recht und Gesetz im Bereich des Datenschutzes machen es erforderlich, dass wir unserer Datenschutzerkl\u00e4rung von Zeit zu Zeit den neuen Anforderungen anpassen. Bitte beachten Sie daher die jeweils aktuelle Datenschutzerkl\u00e4rung. Diese Datenschutzerkl\u00e4rung hat den Stand vom 17.09.2020.<\/p>\n<p><b>Ist ein Datenschutzbeauftragter bestellt?<\/b><\/p>\n<p>Unseren Datenschutzbeauftragten erreichen Sie unter:<\/p>\n<p>ds\u00b2 Unternehmensberatung GmbH &amp; Co.KG<br \/>\nFalkenstra\u00dfe 10<br \/>\n33775 Versmold<br \/>\n<a class=\"mail\" title=\"datenschutzbeauftragter-heristo@ds-quadrat.de\" href=\"mailto:datenschutzbeauftragter-heristo@ds-quadrat.de\">datenschutzbeauftragter-heristo@ds-quadrat.de<\/a><\/p>\n<h5><b>An wen kann ich mich wenden?<\/b><\/h5>\n<p>Wenn Sie Ihre Auskunftsrechte geltend machen wollen, Fragen zu dieser Datenschutzerkl\u00e4rung oder unserem Datenschutzverhalten im Web haben, wenden Sie sich bitte an: <a href=\"mailto:hallo@youcook-food.com\">hallo@youcook-food.com<\/a><\/p>\n<h5>Was muss ich \u00fcber die Nutzung mit Google Maps wissen?<\/h5>\n<p>Auf unseren Webseiten betten wir Kartendienste der Google Inc., 1600 Amphitheatre Parkway Mountain View, CA 94042, United States ein, die nicht auf unseren Servern gespeichert sind. Damit der Aufruf unserer Webseiten mit eingebetteten Kartendienste nicht automatisch dazu f\u00fchrt, dass Inhalte des Drittanbieters nachgeladen werden, zeigen wir in einem ersten Schritt nur lokal abgespeicherte Vorschaubilder der Karten an. Hierdurch erh\u00e4lt der Drittanbieter keine Informationen. Erst nach einem Klick auf das Vorschaubild, werden Inhalte des Drittanbieters nachgeladen. Hierdurch erh\u00e4lt der Drittanbieter die Information, dass Sie unsere Seite aufgerufen haben sowie die in diesem Rahmen technisch erforderlichen Nutzungsdaten. Wir haben auf die weitere Datenverarbeitung durch den Drittanbieter keinen Einfluss. N\u00e4here Informationen hierzu finden Sie in der <a href=\"https:\/\/www.google.com\/intl\/de\/policies\/privacy\/index.html\" target=\"_blank\" rel=\"noopener\">Datenschutzerkl\u00e4rung<\/a> von Google und den <a href=\"https:\/\/www.google.com\/intl\/de\/help\/terms_maps.html\" target=\"_blank\" rel=\"noopener\">Zus\u00e4tzlichen Nutzungsbedingungen<\/a> f\u00fcr Google Maps.Bitte beachten Sie, dass die Einbettung dazu f\u00fchrt, dass Ihre Daten au\u00dferhalb der EU bzw. des EWR verarbeitet werden. Der Datentransfer in die USA beruht auf dem Data Privacy Framework, dem sich Google unterworfen hat und das ein angemessenes Datenschutzniveau gew\u00e4hrleistet.<\/p>\n<p>Mit dem Klick auf das Vorschaubild geben Sie uns die Einwilligung, Inhalte von Google Maps nachzuladen (Art. 6 Abs. 1 lit. a DSGVO). <b>Sie k\u00f6nnen Ihre Einwilligung mit Wirkung f\u00fcr die Zukunft widerrufen.<\/b><\/p><\/div>[\/vc_column][\/vc_row]<\/p>\n","protected":false},"excerpt":{"rendered":"<p>[vc_row video_bg=&#8221;yes&#8221; video_local_mp4_url=&#8221;https:\/\/www.youcook-food.com\/wp-content\/uploads\/2026\/01\/disco_gruen.mp4.mp4&#8243; bg_position=&#8221;center top&#8221; enable_overlay=&#8221;yes&#8221; css=&#8221;.vc_custom_1772793112251{padding-top: 100px !important;padding-bottom: 5% !important;background-image: url(https:\/\/www.youcook-food.com\/wp-content\/uploads\/2025\/12\/YC_BACKGROUND-1.jpg?id=897) !important;background-position: center !important;background-repeat: no-repeat !important;background-size: cover !important;}&#8221; overlay_bg=&#8221;linear-gradient(180deg, rgba(12,18,4,0.3) 1.59236%, rgb(12,18,4) 87.2611%)&#8221; responsive_css=&#8221;padding_top_small:250px&#8221;][vc_column el_class=&#8221;text-center&#8221;][\/vc_column][\/vc_row][vc_row css=&#8221;.vc_custom_1768473471770{margin-bottom: 5% !important;}&#8221;][vc_column el_class=&#8221;text-center&#8221;][\/vc_column][\/vc_row]<\/p>\n","protected":false},"author":1,"featured_media":0,"parent":0,"menu_order":0,"comment_status":"closed","ping_status":"open","template":"","meta":{"_seopress_robots_primary_cat":"","_seopress_titles_title":"","_seopress_titles_desc":"","_seopress_robots_index":"","footnotes":""},"class_list":["post-11054","page","type-page","status-publish","hentry"],"_links":{"self":[{"href":"https:\/\/www.youcook-food.com\/fr\/wp-json\/wp\/v2\/pages\/11054","targetHints":{"allow":["GET"]}}],"collection":[{"href":"https:\/\/www.youcook-food.com\/fr\/wp-json\/wp\/v2\/pages"}],"about":[{"href":"https:\/\/www.youcook-food.com\/fr\/wp-json\/wp\/v2\/types\/page"}],"author":[{"embeddable":true,"href":"https:\/\/www.youcook-food.com\/fr\/wp-json\/wp\/v2\/users\/1"}],"replies":[{"embeddable":true,"href":"https:\/\/www.youcook-food.com\/fr\/wp-json\/wp\/v2\/comments?post=11054"}],"version-history":[{"count":9,"href":"https:\/\/www.youcook-food.com\/fr\/wp-json\/wp\/v2\/pages\/11054\/revisions"}],"predecessor-version":[{"id":11489,"href":"https:\/\/www.youcook-food.com\/fr\/wp-json\/wp\/v2\/pages\/11054\/revisions\/11489"}],"wp:attachment":[{"href":"https:\/\/www.youcook-food.com\/fr\/wp-json\/wp\/v2\/media?parent=11054"}],"curies":[{"name":"wp","href":"https:\/\/api.w.org\/{rel}","templated":true}]}}