{"id":10712,"date":"2025-12-22T09:41:42","date_gmt":"2025-12-22T08:41:42","guid":{"rendered":"https:\/\/www.youcook-food.com\/nachhaltigkeit\/"},"modified":"2026-04-22T14:17:05","modified_gmt":"2026-04-22T13:17:05","slug":"developpement-durable","status":"publish","type":"page","link":"https:\/\/www.youcook-food.com\/fr\/developpement-durable\/","title":{"rendered":"D\u00c9VELOPPEMENT DURABLE"},"content":{"rendered":"<p>[vc_row video_bg=&#8221;yes&#8221; video_local_mp4_url=&#8221;https:\/\/www.youcook-food.com\/wp-content\/uploads\/2025\/12\/5130461_Top_Down_Aerial_3840x2160.mp4&#8243; bg_position=&#8221;center top&#8221; enable_overlay=&#8221;yes&#8221; css=&#8221;.vc_custom_1766393295454{background-image: url(https:\/\/www.youcook-food.com\/wp-content\/uploads\/2025\/12\/produkt-bg.jpg?id=637) !important;background-position: center !important;background-repeat: no-repeat !important;background-size: cover !important;}&#8221; overlay_bg=&#8221;linear-gradient(180deg, rgba(12, 18, 4, 0.3) 1.592356687898089%, rgb(12,18,4) 87.26114649681529%)&#8221; el_class=&#8221;dp-l2-banner dp-product-banner&#8221;][vc_column][vc_row_inner css=&#8221;.vc_custom_1766395194681{padding-top: 100px !important;padding-bottom: 0px !important;}&#8221; responsive_css=&#8221;padding_bottom_large:50px|padding_top_small:200px&#8221;][vc_column_inner responsive_align=&#8221;text-center text-sm-center&#8221;]<style>.ld_fancy_heading_69ed1f32dcff0 h3{color:rgb(255, 255, 255);}.ld_fancy_heading_69ed1f32dcff0 h3 {font-size:1em; } @media (min-width: 768px) { .ld_fancy_heading_69ed1f32dcff0 h3 {font-size:1.8em; }  } .ld_fancy_heading_69ed1f32dcff0 h3 {margin-bottom:0px !important;  } .ld_fancy_heading_69ed1f32dcff0 .lqd-highlight-inner{height:0.275em!important;bottom:0px!important;}.ld_fancy_heading_69ed1f32dcff0 h3 {font-size:1em; } @media (min-width: 768px) { .ld_fancy_heading_69ed1f32dcff0 h3 {font-size:1.8em; }  } .ld_fancy_heading_69ed1f32dcff0 h3 {margin-bottom:0px !important;  } <\/style><div class=\"ld-fancy-heading ld_fancy_heading_69ed1f32dcff0\">\n\t<h3 class=\"ld-fh-element lqd-highlight-underline lqd-highlight-grow-left text-decoration-default\"   >  D\u00c9VELOPPEMENT DURABLE<\/h3><\/div><style>.ld_fancy_heading_69ed1f32ddb08 h2{color:rgb(137, 190, 48);}.ld_fancy_heading_69ed1f32ddb08 h2 {font-size:2.15em; } @media (min-width: 768px) { .ld_fancy_heading_69ed1f32ddb08 h2 {font-size:5em; }  } .ld_fancy_heading_69ed1f32ddb08 h2 {margin-bottom:30px !important;  } .ld_fancy_heading_69ed1f32ddb08 .lqd-highlight-inner{height:0.275em!important;bottom:0px!important;}.ld_fancy_heading_69ed1f32ddb08 h2 {font-size:2.15em; } @media (min-width: 768px) { .ld_fancy_heading_69ed1f32ddb08 h2 {font-size:5em; }  } .ld_fancy_heading_69ed1f32ddb08 h2 {margin-bottom:30px !important;  } <\/style><div class=\"ld-fancy-heading ld_fancy_heading_69ed1f32ddb08\">\n\t<h2 class=\"ld-fh-element lqd-highlight-underline lqd-highlight-grow-left text-decoration-default\"   >  CE QUI COMPTE POUR NOUS<\/h2><\/div>[\/vc_column_inner][\/vc_row_inner][\/vc_column][\/vc_row][vc_row el_class=&#8221;dp-nachalt-slider-sec&#8221;][vc_column el_id=&#8221;dp-nachi-slider-nav&#8221; css=&#8221;.vc_custom_1772192757815{padding-bottom: 30px !important;}&#8221; responsive_align=&#8221;text-right&#8221;][\/vc_column][vc_column el_id=&#8221;dp-nachi-slider-nav&#8221;]<style>.carousel-container.ld_carousel_tab_69ed1f32e1716 .carousel-item{width:100%;flex-basis:100%;padding-inline-start:15px;padding-inline-end:15px;}.carousel-container.ld_carousel_tab_69ed1f32e1716 .carousel-items{margin-inline-start:-15px;margin-inline-end:-15px;}.ld_carousel_tab_69ed1f32e1716.carousel-nav .flickity-prev-next-button svg{fill:#89be30;}.ld_carousel_tab_69ed1f32e1716.carousel-nav .flickity-prev-next-button{color:#89be30;border-color:#89be30;background:rgba(255, 255, 255, 0);}.ld_carousel_tab_69ed1f32e1716.carousel-nav .flickity-prev-next-button.previous:after{background:#89be30;background-color:#89be30;}.ld_carousel_tab_69ed1f32e1716.carousel-nav .flickity-prev-next-button:hover svg{fill:rgb(255, 255, 255);}.ld_carousel_tab_69ed1f32e1716.carousel-nav .flickity-prev-next-button:hover{color:rgb(255, 255, 255);border-color:#89be30;}.ld_carousel_tab_69ed1f32e1716.carousel-nav .flickity-prev-next-button:before{background:#89be30;}.ld_carousel_tab_69ed1f32e1716.carousel-dots{position:relative;top:auto;right:auto;bottom:-25px;left:auto;}@media (min-width: 768px) {.carousel-container.ld_carousel_tab_69ed1f32e1716 .carousel-item { width:50%; flex-basis: 50%; }}@media (min-width: 992px) {.carousel-container.ld_carousel_tab_69ed1f32e1716 .carousel-item { width:33.333333333333%; flex-basis: 33.333333333333%; }}@media (min-width: 1200px) {.carousel-container.ld_carousel_tab_69ed1f32e1716 .carousel-item { width:25%; flex-basis: 25%; }}<\/style><div id=\"ld_carousel_tab_69ed1f32e1716\" class=\"carousel-container carousel-nav-right carousel-nav-mobile-center no carousel-nav-md carousel-nav-bordered carousel-nav-circle carousel-dots-mobile-center carousel-dots-style1 carousel-dots-mobile-outside dp-nachalt-slider ld_carousel_tab_69ed1f32e1716\">\n\n\t<div class=\"carousel-items\"  data-lqd-flickity='{\"cellSelector\":\".carousel-item\",\"cellAlign\":\"left\",\"prevNextButtons\":true,\"pageDots\":false,\"groupCells\":true,\"wrapAround\":true,\"equalHeightCells\":true,\"pauseAutoPlayOnHover\":false,\"navArrow\":\"3\",\"buttonsAppendTo\":\"#dp-nachi-slider-nav\",\"addSlideNumbersToArrows\":false,\"dotsIndicator\":\"dots\",\"numbersStyle\":\"circle\",\"dotsAppendTo\":\"self\"}' >\n\t<div class=\"carousel-item has-width\"><div class=\"carousel-item-inner\"><div class=\"carousel-item-content\"><style>.ld_icon_box_69ed1f32df031 .lqd-iconbox-title{margin-bottom:px;}.ld_icon_box_69ed1f32df031 .iconbox-icon-container{border-radius:px;}<\/style>\n<div class=\"iconbox text-align-default dp-icon-hoverbox ld_icon_box_69ed1f32df031\" id=\"ld_icon_box_69ed1f32df031\"  data-animate-icon=\"true\"  >\n\t\n\t\t\t\t\t\n\t\n\t<div class=\"iconbox-icon-wrap\"><span class=\"iconbox-icon-container\"><i class=\"dipi-2\"><\/i><\/span><\/div>\t\n\t\t\n\t<div class=\"contents\">\t\n\t\t\n\t<h3 class=\"lqd-iconbox-title \">EMBALLAGES<\/h3>\t<p>Les emballages sont un \u00e9l\u00e9ment important de nos produits, car ils garantissent leur s\u00e9curit\u00e9 et leur durabilit\u00e9. En ce qui les concerne, la r\u00e8gle est la suivante\u00a0: autant que n\u00e9cessaire, mais aussi peu que possible.<br \/>\nPour nos emballages secondaires \u00e0 base de papier, nous n\u2019utilisons que du mat\u00e9riel certifi\u00e9 FSC.<\/p>\n\t\t\n\t<\/div>\t\n\t\n<\/div>\n<\/div><\/div><\/div><div class=\"carousel-item has-width\"><div class=\"carousel-item-inner\"><div class=\"carousel-item-content\"><style>.ld_icon_box_69ed1f32dfdad .lqd-iconbox-title{margin-bottom:px;}.ld_icon_box_69ed1f32dfdad .iconbox-icon-container{border-radius:px;}<\/style>\n<div class=\"iconbox text-align-default dp-icon-hoverbox ld_icon_box_69ed1f32dfdad\" id=\"ld_icon_box_69ed1f32dfdad\"  data-animate-icon=\"true\"  >\n\t\n\t\t\t\t\t\n\t\n\t<div class=\"iconbox-icon-wrap\"><span class=\"iconbox-icon-container\"><i class=\"dipi-home\"><\/i><\/span><\/div>\t\n\t\t\n\t<div class=\"contents\">\t\n\t\t\n\t<h3 class=\"lqd-iconbox-title \">PERTES DE MATI\u00c8RES PREMI\u00c8RES<\/h3>\t<p>Notre plan\u00e8te dispose de ressources limit\u00e9es. Notre objectif est de g\u00e9n\u00e9rer le moins de pertes possible dans notre production. \u202fCela s\u2019applique aussi bien aux mati\u00e8res premi\u00e8res qu\u2019aux produits finis\u00a0: aliments, emballages ou moyens d\u2019exploitation. \u202fEn analysant nos processus, nous mettons en \u00e9vidence les pertes \u00e9vitables et les r\u00e9duisons de fa\u00e7on durable.<\/p>\n\t\t\n\t<\/div>\t\n\t\n<\/div>\n<\/div><\/div><\/div><div class=\"carousel-item has-width\"><div class=\"carousel-item-inner\"><div class=\"carousel-item-content\"><style>.ld_icon_box_69ed1f32e037b .lqd-iconbox-title{margin-bottom:px;}.ld_icon_box_69ed1f32e037b .iconbox-icon-container{border-radius:px;}<\/style>\n<div class=\"iconbox text-align-default dp-icon-hoverbox ld_icon_box_69ed1f32e037b\" id=\"ld_icon_box_69ed1f32e037b\"  data-animate-icon=\"true\"  >\n\t\n\t\t\t\t\t\n\t\n\t<div class=\"iconbox-icon-wrap\"><span class=\"iconbox-icon-container\"><i class=\"dipi-sustainability-icons-einzelelemente-08\"><\/i><\/span><\/div>\t\n\t\t\n\t<div class=\"contents\">\t\n\t\t\n\t<h3 class=\"lqd-iconbox-title \">UNE GESTION RESPONSABLE DU CLIMAT<\/h3>\t<p>Notre production est conforme \u00e0 la norme ISO 50001 relative \u00e0 la gestion efficace de l&#8217;\u00e9nergie. Depuis 2023, YOUCOOK fait partie de l&#8217;initiative &#8220;Science Based Targets&#8221; et a d\u00e9fini des objectifs climatiques sur la base de recommandations scientifiques.<\/p>\n\t\t\n\t<\/div>\t\n\t\n<\/div>\n<\/div><\/div><\/div><div class=\"carousel-item has-width\"><div class=\"carousel-item-inner\"><div class=\"carousel-item-content\"><style>.ld_icon_box_69ed1f32e0978 .lqd-iconbox-title{margin-bottom:px;}.ld_icon_box_69ed1f32e0978 .iconbox-icon-container{border-radius:px;}<\/style>\n<div class=\"iconbox text-align-default dp-icon-hoverbox ld_icon_box_69ed1f32e0978\" id=\"ld_icon_box_69ed1f32e0978\"  data-animate-icon=\"true\"  >\n\t\n\t\t\t\t\t\n\t\n\t<div class=\"iconbox-icon-wrap\"><span class=\"iconbox-icon-container\"><i class=\"dipi-1\"><\/i><\/span><\/div>\t\n\t\t\n\t<div class=\"contents\">\t\n\t\t\n\t<h3 class=\"lqd-iconbox-title \">BIODIVERSIT\u00c9<\/h3>\t<p>Un environnement fonctionnel repose sur des \u00e9cosyst\u00e8mes diversifi\u00e9s et une grande biodiversit\u00e9. \u202fLes activit\u00e9s humaines modifient durablement l\u2019environnement de nombreuses esp\u00e8ces animales et v\u00e9g\u00e9tales. Notre objectif est de mettre en place des cha\u00eenes d&#8217;approvisionnement sans d\u00e9forestation.<br \/>\nPour promouvoir la biodiversit\u00e9, nous avons am\u00e9nag\u00e9 une prairie fleurie d\u2019environ 6\u00a0000\u00a0m\u00b2 \u00e0 proximit\u00e9 imm\u00e9diate.<\/p>\n\t\t\n\t<\/div>\t\n\t\n<\/div>\n<\/div><\/div><\/div><div class=\"carousel-item has-width\"><div class=\"carousel-item-inner\"><div class=\"carousel-item-content\"><style>.ld_icon_box_69ed1f32e102c .lqd-iconbox-title{margin-bottom:px;}.ld_icon_box_69ed1f32e102c .iconbox-icon-container{border-radius:px;}<\/style>\n<div class=\"iconbox text-align-default dp-icon-hoverbox ld_icon_box_69ed1f32e102c\" id=\"ld_icon_box_69ed1f32e102c\"  data-animate-icon=\"true\"  >\n\t\n\t\t\t\t\t\n\t\n\t<div class=\"iconbox-icon-wrap\"><span class=\"iconbox-icon-container\"><i class=\"dipi-sustainability-icons-einzelelemente-02\"><\/i><\/span><\/div>\t\n\t\t\n\t<div class=\"contents\">\t\n\t\t\n\t<h3 class=\"lqd-iconbox-title \">CHA\u00ceNES D\u2019APPROVISIONNEMENT<\/h3>\t<p>YOUCOOK s\u2019engage \u00e0 respecter les droits de l\u2019homme en mettant en \u0153uvre des obligations de diligence clairement d\u00e9finies. \u202fNous d\u00e9ployons des solutions visant \u00e0 garantir le respect des droits de l\u2019homme dans nos cha\u00eenes d\u2019approvisionnement, notamment gr\u00e2ce \u00e0 des audits sociaux et \u00e0 des \u00e9valuations de durabilit\u00e9 men\u00e9s sur nos sites.<\/p>\n\t\t\n\t<\/div>\t\n\t\n<\/div>\n<\/div><\/div><\/div><div class=\"carousel-item has-width\"><div class=\"carousel-item-inner\"><div class=\"carousel-item-content\"><style>.ld_icon_box_69ed1f32e159e .lqd-iconbox-title{margin-bottom:px;}.ld_icon_box_69ed1f32e159e .iconbox-icon-container{border-radius:px;}<\/style>\n<div class=\"iconbox text-align-default dp-icon-hoverbox ld_icon_box_69ed1f32e159e\" id=\"ld_icon_box_69ed1f32e159e\"  data-animate-icon=\"true\"  >\n\t\n\t\t\t\t\t\n\t\n\t<div class=\"iconbox-icon-wrap\"><span class=\"iconbox-icon-container\"><i class=\"dipi-sustainability-icons-einzelelemente-10\"><\/i><\/span><\/div>\t\n\t\t\n\t<div class=\"contents\">\t\n\t\t\n\t<h3 class=\"lqd-iconbox-title \">COMMUNICATION ET RAPPORTS<\/h3>\t<p>Nous consid\u00e9rons la directive sur le reporting financier comme une opportunit\u00e9 d&#8217;int\u00e9grer davantage les aspects li\u00e9s au d\u00e9veloppement durable dans nos activit\u00e9s commerciales. Cela permet \u00e0 nos actionnaires de mieux comprendre comment nous abordons les questions de d\u00e9veloppement durable.<\/p>\n\t\t\n\t<\/div>\t\n\t\n<\/div>\n<\/div><\/div><\/div>\t<\/div>\n\n<\/div>[\/vc_column][\/vc_row][vc_row css=&#8221;.vc_custom_1766383884959{padding-top: 30px !important;padding-bottom: 0px !important;}&#8221; responsive_css=&#8221;padding_top_small:70px|padding_bottom_small:70px&#8221;][vc_column][vc_row_inner equal_height=&#8221;yes&#8221; content_placement=&#8221;middle&#8221; responsive_css=&#8221;padding_bottom_small:100px&#8221; css=&#8221;.vc_custom_1770052955298{padding-bottom: 70px !important;}&#8221;][vc_column_inner width=&#8221;1\/2&#8243; responsive_css=&#8221;padding_right_large:50px&#8221; responsive_align=&#8221;text-center text-sm-left&#8221;]<style>.ld_fancy_heading_69ed1f32e1f57 h4{color:#89be30;}@media (min-width: 992px) { .ld_fancy_heading_69ed1f32e1f57 h4 {font-size:3em; }  } .ld_fancy_heading_69ed1f32e1f57 .lqd-highlight-inner{height:0.275em!important;bottom:0px!important;}@media (min-width: 992px) { .ld_fancy_heading_69ed1f32e1f57 h4 {font-size:3em; }  } <\/style><div class=\"ld-fancy-heading ld_fancy_heading_69ed1f32e1f57\">\n\t<h4 class=\"ld-fh-element lqd-highlight-underline lqd-highlight-grow-left text-decoration-default\"   >  D\u00c9CLARATION DES DROITS DE L\u2019HOMME<\/h4><\/div>[vc_column_text css=&#8221;.vc_custom_1776755746023{margin-bottom: 30px !important;}&#8221;]En tant qu\u2019acteur mondial, nous assumons pleinement notre responsabilit\u00e9 sociale. \u202fNous nous engageons sans r\u00e9serve \u00e0 prot\u00e9ger et \u00e0 respecter les droits de l\u2019homme \u00e0 chaque \u00e9tape de la cha\u00eene de valeur. \u202fNous consid\u00e9rons cela comme un pilier essentiel d\u2019une conduite int\u00e8gre et d\u2019une gouvernance responsable. Nous assumons notre responsabilit\u00e9 en mati\u00e8re de droits de l\u2019homme de mani\u00e8re globale\u00a0: elle englobe non seulement nos propres sites, mais \u00e9galement notre cha\u00eene d\u2019approvisionnement. Nous cherchons \u00e0 d\u00e9tecter et \u00e9valuer au plus t\u00f4t toute atteinte potentielle aux droits de l\u2019homme, afin d\u2019y rem\u00e9dier de mani\u00e8re responsable.[\/vc_column_text]<style>.ld_button_69ed1f32e2745.btn-icon-solid .btn-icon{background:rgb(137, 190, 48);}.ld_button_69ed1f32e2745.btn-icon-circle.btn-icon-ripple .btn-icon:before{border-color:rgb(137, 190, 48);}.ld_button_69ed1f32e2745.btn-icon-solid:hover .btn-icon{background:rgb(235, 98, 9);}.ld_button_69ed1f32e2745{background-color:rgb(137, 190, 48);border-color:rgb(137, 190, 48);color:rgb(255, 255, 255);}.ld_button_69ed1f32e2745:hover{background-color:rgb(235, 98, 9);border-color:rgb(235, 98, 9);color:rgb(255, 255, 255);}.ld_button_69ed1f32e2745 .btn-gradient-bg-hover{background:-webkit-linear-gradient(to right, rgb(235, 98, 9) 0%, rgb(235, 98, 9) 100%);background:linear-gradient(to right, rgb(235, 98, 9) 0%, rgb(235, 98, 9) 100%);}.ld_button_69ed1f32e2745 .btn-gradient-border defs stop:first-child{stop-color:rgb(137, 190, 48);}.ld_button_69ed1f32e2745 .btn-gradient-border defs stop:last-child{stop-color:rgb(137, 190, 48);}.ld_button_69ed1f32e2745:hover .btn-gradient-border defs stop:first-child{stop-color:rgb(235, 98, 9);}.ld_button_69ed1f32e2745:hover .btn-gradient-border defs stop:last-child{stop-color:rgb(235, 98, 9);}<\/style><a href=\"https:\/\/www.youcook-food.com\/wp-content\/uploads\/2026\/02\/23.11.01_de_grundsatzerklarung_menschenrechtsstrategie_der_heristo_unternehmensgruppe.pdf\" target=\"_blank\" class=\"btn btn-solid circle border-thin btn-has-label dp-eu-product-btn ld_button_69ed1f32e2745 vc_custom_1776755684196\" >\n\t<span>\n\t\t\n\t\t\t\t\t<span class=\"btn-txt\" data-text=\"T\u00e9l\u00e9chargez le PDF\" >T\u00e9l\u00e9chargez le PDF<\/span>\n\t\t\t\n\t\t\t\t\t<\/span>\n<\/a>\n[\/vc_column_inner][vc_column_inner width=&#8221;1\/2&#8243; column_top_onmobile=&#8221;yes&#8221;][vc_single_image image=&#8221;2236&#8243; alignment=&#8221;center&#8221; style=&#8221;vc_box_rounded&#8221; css=&#8221;.vc_custom_1772182899757{border-radius: 10px !important;}&#8221; el_class=&#8221;dp-uber-img-info&#8221;][\/vc_column_inner][\/vc_row_inner][\/vc_column][\/vc_row][vc_row disable_element=&#8221;yes&#8221; css=&#8221;.vc_custom_1772021753581{padding-top: 30px !important;padding-bottom: 80px !important;}&#8221; responsive_css=&#8221;padding_top_small:100px|padding_bottom_small:100px&#8221; el_class=&#8221;dp-text-intro-sec&#8221;][vc_column responsive_align=&#8221;text-center&#8221;][vc_row_inner][vc_column_inner responsive_align=&#8221;text-center&#8221;]<style>.ld_fancy_heading_69ed1f32e3094 h5{color:rgb(255, 255, 255);}.ld_fancy_heading_69ed1f32e3094 h5 {font-size:1em; } @media (min-width: 768px) { .ld_fancy_heading_69ed1f32e3094 h5 {font-size:1.1em; }  } .ld_fancy_heading_69ed1f32e3094 h5 {font-weight:400; } .ld_fancy_heading_69ed1f32e3094 .lqd-highlight-inner{height:0.275em!important;bottom:0px!important;}.ld_fancy_heading_69ed1f32e3094 h5 {font-size:1em; } @media (min-width: 768px) { .ld_fancy_heading_69ed1f32e3094 h5 {font-size:1.1em; }  } .ld_fancy_heading_69ed1f32e3094 h5 {font-weight:400; } <\/style><div class=\"ld-fancy-heading ld_fancy_heading_69ed1f32e3094\">\n\t<h5 class=\"ld-fh-element lqd-highlight-underline lqd-highlight-grow-left text-decoration-default\"   >  WERTSCH\u00d6PFUNG MIT ETHIK<\/h5><\/div><style>.ld_fancy_heading_69ed1f32e3a9c h3{color:rgb(137, 190, 48);}.ld_fancy_heading_69ed1f32e3a9c h3 {font-size:1.2em; } @media (min-width: 768px) { .ld_fancy_heading_69ed1f32e3a9c h3 {font-size:3em; }  } .ld_fancy_heading_69ed1f32e3a9c h3 {font-weight:400; } .ld_fancy_heading_69ed1f32e3a9c .lqd-highlight-inner{height:0.275em!important;bottom:0px!important;}.ld_fancy_heading_69ed1f32e3a9c h3 {font-size:1.2em; } @media (min-width: 768px) { .ld_fancy_heading_69ed1f32e3a9c h3 {font-size:3em; }  } .ld_fancy_heading_69ed1f32e3a9c h3 {font-weight:400; } <\/style><div class=\"ld-fancy-heading ld_fancy_heading_69ed1f32e3a9c\">\n\t<h3 class=\"ld-fh-element lqd-highlight-underline lqd-highlight-grow-left text-decoration-default\"   >  MENSCHENRECHTSERKL\u00c4RUNG<\/h3><\/div>[vc_column_text]Als weltweit agierendes Unternehmen sind wir uns unserer gesellschaftlichen Verantwortung bewusst. Wir setzen uns uneingeschr\u00e4nkt daf\u00fcr ein, Menschenrechte entlang der Wertsch\u00f6pfungskette zu wahren und zu achten. Das betrachten wir als elementaren Bestandteil integren Handelns und verantwortungsvoller Unternehmensf\u00fchrung. Unsere Menschenrechtsverantwortung verfolgen wir ganzheitlich: Sie umfasst nicht nur unsere eigenen Standorte, sondern auch unsere Lieferkette. Wir wollen etwaige Menschenrechtsverletzungen so fr\u00fch wie m\u00f6glich identifizieren und bewerten sowie verantwortungsvoll abstellen.[\/vc_column_text][vc_column_text]Das betrachten wir als elementaren Bestandteil integren Handelns und verantwortungsvoller Unternehmensf\u00fchrung. Unsere Menschenrechtsverantwortung verfolgen wir ganzheitlich: Sie umfasst nicht nur unsere eigenen Standorte, sondern auch unsere Lieferkette. Wir wollen etwaige Menschenrechtsverletzungen so fr\u00fch wie m\u00f6glich identifizieren und bewerten sowie verantwortungsvoll abstellen.[\/vc_column_text]<style>.ld_button_69ed1f32e4510.btn-icon-solid .btn-icon{background:rgb(137, 190, 48);}.ld_button_69ed1f32e4510.btn-icon-circle.btn-icon-ripple .btn-icon:before{border-color:rgb(137, 190, 48);}.ld_button_69ed1f32e4510.btn-icon-solid:hover .btn-icon{background:rgb(235, 98, 9);}.ld_button_69ed1f32e4510{background-color:rgb(137, 190, 48);border-color:rgb(137, 190, 48);color:rgb(255, 255, 255);}.ld_button_69ed1f32e4510:hover{background-color:rgb(235, 98, 9);border-color:rgb(235, 98, 9);color:rgb(255, 255, 255);}.ld_button_69ed1f32e4510 .btn-gradient-bg-hover{background:-webkit-linear-gradient(to right, rgb(235, 98, 9) 0%, rgb(235, 98, 9) 100%);background:linear-gradient(to right, rgb(235, 98, 9) 0%, rgb(235, 98, 9) 100%);}.ld_button_69ed1f32e4510 .btn-gradient-border defs stop:first-child{stop-color:rgb(137, 190, 48);}.ld_button_69ed1f32e4510 .btn-gradient-border defs stop:last-child{stop-color:rgb(137, 190, 48);}.ld_button_69ed1f32e4510:hover .btn-gradient-border defs stop:first-child{stop-color:rgb(235, 98, 9);}.ld_button_69ed1f32e4510:hover .btn-gradient-border defs stop:last-child{stop-color:rgb(235, 98, 9);}<\/style><a href=\"\/wp-content\/uploads\/2026\/02\/23.11.01_de_grundsatzerklarung_menschenrechtsstrategie_der_heristo_unternehmensgruppe.pdf\" target=\"_blank\" class=\"btn btn-solid circle border-thin btn-has-label ld_button_69ed1f32e4510 vc_custom_1770192578215\" >\n\t<span>\n\t\t\n\t\t\t\t\t<span class=\"btn-txt\" data-text=\"PDF HERUNTERLADEN\" >PDF HERUNTERLADEN<\/span>\n\t\t\t\n\t\t\t\t\t<\/span>\n<\/a>\n[\/vc_column_inner][\/vc_row_inner][\/vc_column][\/vc_row]<\/p>\n","protected":false},"excerpt":{"rendered":"<p>[vc_row video_bg=&#8221;yes&#8221; video_local_mp4_url=&#8221;https:\/\/www.youcook-food.com\/wp-content\/uploads\/2025\/12\/5130461_Top_Down_Aerial_3840x2160.mp4&#8243; bg_position=&#8221;center top&#8221; enable_overlay=&#8221;yes&#8221; css=&#8221;.vc_custom_1766393295454{background-image: url(https:\/\/www.youcook-food.com\/wp-content\/uploads\/2025\/12\/produkt-bg.jpg?id=637) !important;background-position: center !important;background-repeat: no-repeat !important;background-size: cover !important;}&#8221; overlay_bg=&#8221;linear-gradient(180deg, rgba(12, 18, 4, 0.3) 1.592356687898089%, rgb(12,18,4) 87.26114649681529%)&#8221; el_class=&#8221;dp-l2-banner dp-product-banner&#8221;][vc_column][vc_row_inner css=&#8221;.vc_custom_1766395194681{padding-top: 100px !important;padding-bottom: 0px !important;}&#8221; responsive_css=&#8221;padding_bottom_large:50px|padding_top_small:200px&#8221;][vc_column_inner responsive_align=&#8221;text-center text-sm-center&#8221;][\/vc_column_inner][\/vc_row_inner][\/vc_column][\/vc_row][vc_row el_class=&#8221;dp-nachalt-slider-sec&#8221;][vc_column el_id=&#8221;dp-nachi-slider-nav&#8221; css=&#8221;.vc_custom_1772192757815{padding-bottom: 30px !important;}&#8221; responsive_align=&#8221;text-right&#8221;][\/vc_column][vc_column el_id=&#8221;dp-nachi-slider-nav&#8221;][\/vc_column][\/vc_row][vc_row css=&#8221;.vc_custom_1766383884959{padding-top: 30px !important;padding-bottom: 0px !important;}&#8221; responsive_css=&#8221;padding_top_small:70px|padding_bottom_small:70px&#8221;][vc_column][vc_row_inner equal_height=&#8221;yes&#8221; content_placement=&#8221;middle&#8221; responsive_css=&#8221;padding_bottom_small:100px&#8221; css=&#8221;.vc_custom_1770052955298{padding-bottom: 70px !important;}&#8221;][vc_column_inner width=&#8221;1\/2&#8243; responsive_css=&#8221;padding_right_large:50px&#8221; responsive_align=&#8221;text-center [&hellip;]<\/p>\n","protected":false},"author":1,"featured_media":0,"parent":0,"menu_order":0,"comment_status":"closed","ping_status":"closed","template":"","meta":{"_seopress_robots_primary_cat":"","_seopress_titles_title":"Nachhaltigkeit bei YOUCOOK \u2013 Verantwortung f\u00fcr Mensch und Umwelt","_seopress_titles_desc":"Erfahre mehr \u00fcber die Nachhaltigkeitsstrategie von YOUCOOK. Von verantwortungsvollen Zutaten bis zu nachhaltigen Verpackungen.","_seopress_robots_index":"","footnotes":""},"class_list":["post-10712","page","type-page","status-publish","hentry"],"_links":{"self":[{"href":"https:\/\/www.youcook-food.com\/fr\/wp-json\/wp\/v2\/pages\/10712","targetHints":{"allow":["GET"]}}],"collection":[{"href":"https:\/\/www.youcook-food.com\/fr\/wp-json\/wp\/v2\/pages"}],"about":[{"href":"https:\/\/www.youcook-food.com\/fr\/wp-json\/wp\/v2\/types\/page"}],"author":[{"embeddable":true,"href":"https:\/\/www.youcook-food.com\/fr\/wp-json\/wp\/v2\/users\/1"}],"replies":[{"embeddable":true,"href":"https:\/\/www.youcook-food.com\/fr\/wp-json\/wp\/v2\/comments?post=10712"}],"version-history":[{"count":14,"href":"https:\/\/www.youcook-food.com\/fr\/wp-json\/wp\/v2\/pages\/10712\/revisions"}],"predecessor-version":[{"id":11339,"href":"https:\/\/www.youcook-food.com\/fr\/wp-json\/wp\/v2\/pages\/10712\/revisions\/11339"}],"wp:attachment":[{"href":"https:\/\/www.youcook-food.com\/fr\/wp-json\/wp\/v2\/media?parent=10712"}],"curies":[{"name":"wp","href":"https:\/\/api.w.org\/{rel}","templated":true}]}}