{"id":10687,"date":"2025-12-22T11:40:20","date_gmt":"2025-12-22T10:40:20","guid":{"rendered":"https:\/\/www.youcook-food.com\/ueber-uns\/"},"modified":"2026-04-21T07:57:10","modified_gmt":"2026-04-21T06:57:10","slug":"ueber-uns","status":"publish","type":"page","link":"https:\/\/www.youcook-food.com\/fr\/ueber-uns\/","title":{"rendered":"\u00c0 PROPOS DE NOUS"},"content":{"rendered":"<p>[vc_row video_bg=&#8221;yes&#8221; video_local_mp4_url=&#8221;https:\/\/www.youcook-food.com\/wp-content\/uploads\/2026\/02\/KickOff26.mp4&#8243; bg_position=&#8221;center top&#8221; enable_overlay=&#8221;yes&#8221; css=&#8221;.vc_custom_1770132327995{background-image: url(https:\/\/www.youcook-food.com\/wp-content\/uploads\/2025\/12\/produkt-bg.jpg?id=637) !important;background-position: center !important;background-repeat: no-repeat !important;background-size: cover !important;}&#8221; overlay_bg=&#8221;linear-gradient(180deg, rgba(12, 18, 4, 0.3) 1.592356687898089%, rgb(12,18,4) 87.26114649681529%)&#8221; el_class=&#8221;dp-l2-banner dp-product-banner&#8221;][vc_column][vc_row_inner css=&#8221;.vc_custom_1770143914840{padding-top: 200px !important;padding-bottom: 0px !important;}&#8221; responsive_css=&#8221;padding_bottom_large:50px|padding_top_small:200px&#8221;][vc_column_inner responsive_align=&#8221;text-center text-sm-center&#8221;]<style>.ld_fancy_heading_69ed22b52e03c h3{color:rgb(255, 255, 255);}.ld_fancy_heading_69ed22b52e03c h3 {font-size:1em; } @media (min-width: 768px) { .ld_fancy_heading_69ed22b52e03c h3 {font-size:1.8em; }  } .ld_fancy_heading_69ed22b52e03c h3 {margin-bottom:0px !important;  } .ld_fancy_heading_69ed22b52e03c .lqd-highlight-inner{height:0.275em!important;bottom:0px!important;}.ld_fancy_heading_69ed22b52e03c h3 {font-size:1em; } @media (min-width: 768px) { .ld_fancy_heading_69ed22b52e03c h3 {font-size:1.8em; }  } .ld_fancy_heading_69ed22b52e03c h3 {margin-bottom:0px !important;  } <\/style><div class=\"ld-fancy-heading ld_fancy_heading_69ed22b52e03c\">\n\t<h3 class=\"ld-fh-element lqd-highlight-underline lqd-highlight-grow-left text-decoration-default\"   >  \u00c0 propos de nous<\/h3><\/div>[\/vc_column_inner][vc_column_inner responsive_align=&#8221;text-center&#8221; offset=&#8221;vc_hidden-xs&#8221;]<style>.ld_fancy_heading_69ed22b52ed36 h2{color:rgb(137, 190, 48);}.ld_fancy_heading_69ed22b52ed36 h2 {font-size:2.15em; } @media (min-width: 768px) { .ld_fancy_heading_69ed22b52ed36 h2 {font-size:5em; }  } .ld_fancy_heading_69ed22b52ed36 h2 {margin-bottom:30px !important;  } .ld_fancy_heading_69ed22b52ed36 .lqd-highlight-inner{height:0.275em!important;bottom:0px!important;}.ld_fancy_heading_69ed22b52ed36 h2 {font-size:2.15em; } @media (min-width: 768px) { .ld_fancy_heading_69ed22b52ed36 h2 {font-size:5em; }  } .ld_fancy_heading_69ed22b52ed36 h2 {margin-bottom:30px !important;  } <\/style><div class=\"ld-fancy-heading ld_fancy_heading_69ed22b52ed36\">\n\t<h2 class=\"ld-fh-element lqd-highlight-underline lqd-highlight-grow-left text-decoration-default\"   >  Bonjour, nous<br \/>\nsommes YOUCOOK<\/h2><\/div>[\/vc_column_inner][vc_column_inner offset=&#8221;vc_hidden-lg vc_hidden-md vc_hidden-sm&#8221; responsive_align=&#8221;text-center&#8221;]<style>.ld_fancy_heading_69ed22b52f698 h4{color:#89be30;}.ld_fancy_heading_69ed22b52f698 .lqd-highlight-inner{height:0.275em!important;bottom:0px!important;}<\/style><div class=\"ld-fancy-heading ld_fancy_heading_69ed22b52f698\">\n\t<h4 class=\"ld-fh-element lqd-highlight-underline lqd-highlight-grow-left text-decoration-default\"   >  DAS TEAM HINTER DER BOX<\/h4><\/div>[\/vc_column_inner][\/vc_row_inner][\/vc_column][\/vc_row][vc_row css=&#8221;.vc_custom_1766383884959{padding-top: 30px !important;padding-bottom: 0px !important;}&#8221; responsive_css=&#8221;padding_top_small:70px|padding_bottom_small:70px&#8221;][vc_column][vc_row_inner responsive_css=&#8221;padding_bottom_small:70px&#8221; css=&#8221;.vc_custom_1766383086999{padding-bottom: 20px !important;}&#8221;][vc_column_inner responsive_align=&#8221;text-left text-sm-center&#8221;][vc_single_image image=&#8221;2257&#8243; style=&#8221;vc_box_rounded&#8221; css=&#8221;.vc_custom_1772097256835{border-radius: 10px !important;}&#8221; el_class=&#8221;dp-team-img&#8221;][\/vc_column_inner][vc_column_inner offset=&#8221;vc_hidden-xs&#8221; responsive_align=&#8221;text-center&#8221;]<style>.ld_fancy_heading_69ed22b52fb08 .lqd-highlight-inner{height:0.275em!important;bottom:0px!important;}<\/style><div class=\"ld-fancy-heading ld_fancy_heading_69ed22b52fb08\">\n\t<h4 class=\"ld-fh-element lqd-highlight-underline lqd-highlight-grow-left text-decoration-default\"   >  L\u2019\u00e9quipe derri\u00e8re la Box<\/h4><\/div>[\/vc_column_inner][\/vc_row_inner][vc_row_inner disable_element=&#8221;yes&#8221; el_class=&#8221;dp-descriptive-box-row dp-descriptive-invert-mob&#8221;][vc_column_inner width=&#8221;1\/3&#8243;][vc_single_image image=&#8221;826&#8243; alignment=&#8221;left&#8221;][vc_column_text]Wir sind ein Team von Foodies, das die Begeisterung f\u00fcr gutes Essen aus aller Welt verbindet. Unsere Gerichte sind wie wir: vielf\u00e4ltig, bunt und voller Leidenschaft. [\/vc_column_text][\/vc_column_inner][vc_column_inner width=&#8221;1\/3&#8243;][vc_single_image image=&#8221;825&#8243; alignment=&#8221;left&#8221;][vc_column_text]Wir testen, probieren und verbessern &#8211; solange bis es richtig gut schmeckt. [\/vc_column_text][\/vc_column_inner][vc_column_inner width=&#8221;1\/3&#8243;][vc_single_image image=&#8221;827&#8243; alignment=&#8221;left&#8221;][vc_column_text]Das Ergebnis: YOUCOOK ist die L\u00f6sung f\u00fcr ein leben, das schnell ist, aber alles andere als geschmacklos. [\/vc_column_text][\/vc_column_inner][\/vc_row_inner][vc_row_inner equal_height=&#8221;yes&#8221; content_placement=&#8221;middle&#8221; responsive_css=&#8221;padding_bottom_small:100px&#8221; css=&#8221;.vc_custom_1770052955298{padding-bottom: 70px !important;}&#8221;][vc_column_inner width=&#8221;1\/2&#8243; responsive_css=&#8221;padding_right_large:50px&#8221;]<style>.ld_fancy_heading_69ed22b52fd8b .lqd-highlight-inner{height:0.275em!important;bottom:0px!important;}<\/style><div class=\"ld-fancy-heading ld_fancy_heading_69ed22b52fd8b\">\n\t<h4 class=\"ld-fh-element lqd-highlight-underline lqd-highlight-grow-left text-decoration-default\"   >  Comment tout a commenc\u00e9<\/h4><\/div>[vc_column_text]Lorsque deux \u00e9tudiants ont d\u00fb choisir entre passer la soir\u00e9e \u00e0 cuisiner un bon repas, ou manger un plat rapide \u00e0 preparer mais d\u00e9cevant gustativement, une id\u00e9e leur est venue : il devait bien \u00eatre possible de proposer quelque chose de rapide \u00e0 pr\u00e9parer et d\u00e9licieux.<\/p>\n<p>C&#8217;est ainsi qu&#8217;est n\u00e9 YOUCOOK en 2012.<\/p>\n<p>Les deux \u00e9tudiants ont rapidement form\u00e9 une \u00e9quipe jeune et dynamique qui travaille aujourd&#8217;hui avec beaucoup de passion \u00e0 la cr\u00e9ation de nouveaux plats, \u00e0 la recherche des meilleurs ingr\u00e9dients et veille \u00e0 ce que YOUCOOK soit pr\u00e9sent partout o\u00f9 les gens ont envie de bien manger.[\/vc_column_text][\/vc_column_inner][vc_column_inner width=&#8221;1\/2&#8243; column_top_onmobile=&#8221;yes&#8221;][vc_single_image image=&#8221;2024&#8243; style=&#8221;vc_box_rounded&#8221; css=&#8221;.vc_custom_1770050210159{border-radius: 10px !important;}&#8221; el_class=&#8221;dp-uber-img-info&#8221;][\/vc_column_inner][\/vc_row_inner][vc_row_inner equal_height=&#8221;yes&#8221; content_placement=&#8221;middle&#8221;][vc_column_inner width=&#8221;1\/2&#8243;][vc_single_image image=&#8221;2028&#8243; style=&#8221;vc_box_rounded&#8221; css=&#8221;.vc_custom_1770052838375{border-radius: 10px !important;}&#8221; el_class=&#8221;dp-uberzeugung-img-info&#8221;][\/vc_column_inner][vc_column_inner width=&#8221;1\/2&#8243; responsive_css=&#8221;padding_right_large:50px&#8221;]<style>.ld_fancy_heading_69ed22b52ffbd .lqd-highlight-inner{height:0.275em!important;bottom:0px!important;}<\/style><div class=\"ld-fancy-heading ld_fancy_heading_69ed22b52ffbd\">\n\t<h4 class=\"ld-fh-element lqd-highlight-underline lqd-highlight-grow-left text-decoration-default\"   >  Unsere \u00dcberzeugung<\/h4><\/div>[vc_column_text]Si nous devions d\u00e9crire l\u2019essence de YOUCOOK, nous dirions que c\u2019est ce petit sentiment de bonheur que l&#8217;on \u00e9prouve lorsque l&#8217;on go\u00fbte quelque chose et que l&#8217;on r\u00e9alise imm\u00e9diatement que c\u2019est bon. C\u2019est exactement ce qui nous motive. Nous aimons les aliments qui convainquent par eux-m\u00eames, sans fioritures, sans compromis. C\u2019est pour cela que nous retravaillons chaque recette jusqu\u2019\u00e0 ce qu\u2019elle devienne tout simplement irr\u00e9sistible, m\u00eame pour nous. Ce n\u2019est qu\u2019\u00e0 ce moment-l\u00e0 qu\u2019un plat est ajout\u00e9 \u00e0 notre gamme.<\/p>\n<p>Notre curiosit\u00e9 nous guide \u00e0 chaque \u00e9tape. Nous explorons de nouvelles id\u00e9es, testons les tendances, nous nous laissons inspirer par les cuisines du monde entier et accueillons avec enthousiasme tout ce qui nous fait sortir de l\u2019ordinaire. Chaque d\u00e9couverte nourrit notre travail, pour que vous puissiez vivre encore et toujours de nouvelles exp\u00e9riences qui donnent envie d\u2019y revenir. L\u2019immobilisme nous ennuie. La nouveaut\u00e9 nous enthousiasme. Et c\u2019est exactement ce que nous voudrions vous faire savourer.<\/p>\n<p>Et pendant que nous laissons libre cours \u00e0 notre cr\u00e9ativit\u00e9, une chose reste essentielle. Pour nous, la qualit\u00e9 n\u2019est pas accessoire: c\u2019est le c\u0153ur de tout ce que nous faisons. Nous travaillons avec des ingr\u00e9dients en lesquels nous avons pleinement confiance, et nous \u00e9laborons nos plats de fa\u00e7on \u00e0 ce que vous puissiez sentir cette attention \u00e0 chaque bouch\u00e9e. Sans chichis, mais avec une r\u00e9elle conviction.[\/vc_column_text][\/vc_column_inner][\/vc_row_inner][\/vc_column][\/vc_row][vc_row css=&#8221;.vc_custom_1770054749428{padding-top: 70px !important;padding-bottom: 80px !important;}&#8221; responsive_css=&#8221;padding_top_small:100px|padding_bottom_small:100px&#8221; el_class=&#8221;dp-text-intro-sec&#8221;][vc_column responsive_align=&#8221;text-center&#8221;][vc_row_inner][vc_column_inner responsive_align=&#8221;text-center&#8221;]<style>.ld_fancy_heading_69ed22b5301fa h5{color:rgb(255, 255, 255);}.ld_fancy_heading_69ed22b5301fa h5 {font-size:1em; } @media (min-width: 768px) { .ld_fancy_heading_69ed22b5301fa h5 {font-size:1.1em; }  } .ld_fancy_heading_69ed22b5301fa h5 {font-weight:400; } .ld_fancy_heading_69ed22b5301fa .lqd-highlight-inner{height:0.275em!important;bottom:0px!important;}.ld_fancy_heading_69ed22b5301fa h5 {font-size:1em; } @media (min-width: 768px) { .ld_fancy_heading_69ed22b5301fa h5 {font-size:1.1em; }  } .ld_fancy_heading_69ed22b5301fa h5 {font-weight:400; } <\/style><div class=\"ld-fancy-heading ld_fancy_heading_69ed22b5301fa\">\n\t<h5 class=\"ld-fh-element lqd-highlight-underline lqd-highlight-grow-left text-decoration-default\"   >  Tu aimes ce que tu lis\u00a0?<\/h5><\/div><style>.ld_fancy_heading_69ed22b530441 h3{color:rgb(137, 190, 48);}.ld_fancy_heading_69ed22b530441 h3 {font-size:1.4em; } @media (min-width: 768px) { .ld_fancy_heading_69ed22b530441 h3 {font-size:3em; }  } .ld_fancy_heading_69ed22b530441 h3 {font-weight:400; } .ld_fancy_heading_69ed22b530441 h3 {margin-bottom:30px !important;  } @media (min-width: 768px) { .ld_fancy_heading_69ed22b530441 h3 {margin-bottom:50px !important;  }  } .ld_fancy_heading_69ed22b530441 .lqd-highlight-inner{height:0.275em!important;bottom:0px!important;}.ld_fancy_heading_69ed22b530441 h3 {font-size:1.4em; } @media (min-width: 768px) { .ld_fancy_heading_69ed22b530441 h3 {font-size:3em; }  } .ld_fancy_heading_69ed22b530441 h3 {font-weight:400; } .ld_fancy_heading_69ed22b530441 h3 {margin-bottom:30px !important;  } @media (min-width: 768px) { .ld_fancy_heading_69ed22b530441 h3 {margin-bottom:50px !important;  }  } <\/style><div class=\"ld-fancy-heading ld_fancy_heading_69ed22b530441\">\n\t<h3 class=\"ld-fh-element lqd-highlight-underline lqd-highlight-grow-left text-decoration-default\"   >  Alors rejoins notre \u00e9quipe\u00a0!<\/h3><\/div><style>.ld_button_69ed22b530641.btn-icon-solid .btn-icon{background:rgb(137, 190, 48);}.ld_button_69ed22b530641.btn-icon-circle.btn-icon-ripple .btn-icon:before{border-color:rgb(137, 190, 48);}.ld_button_69ed22b530641.btn-icon-solid:hover .btn-icon{background:rgb(235, 98, 9);}.ld_button_69ed22b530641{background-color:rgb(137, 190, 48);border-color:rgb(137, 190, 48);color:rgb(255, 255, 255);}.ld_button_69ed22b530641:hover{background-color:rgb(235, 98, 9);border-color:rgb(235, 98, 9);color:rgb(255, 255, 255);}.ld_button_69ed22b530641 .btn-gradient-bg-hover{background:-webkit-linear-gradient(to right, rgb(235, 98, 9) 0%, rgb(235, 98, 9) 100%);background:linear-gradient(to right, rgb(235, 98, 9) 0%, rgb(235, 98, 9) 100%);}.ld_button_69ed22b530641 .btn-gradient-border defs stop:first-child{stop-color:rgb(137, 190, 48);}.ld_button_69ed22b530641 .btn-gradient-border defs stop:last-child{stop-color:rgb(137, 190, 48);}.ld_button_69ed22b530641:hover .btn-gradient-border defs stop:first-child{stop-color:rgb(235, 98, 9);}.ld_button_69ed22b530641:hover .btn-gradient-border defs stop:last-child{stop-color:rgb(235, 98, 9);}<\/style><a href=\"https:\/\/youcook.softgarden.io\/de\/vacancies\" target=\"_blank\" class=\"btn btn-solid circle border-thin btn-has-label ld_button_69ed22b530641 vc_custom_1776754081535\" >\n\t<span>\n\t\t\n\t\t\t\t\t<span class=\"btn-txt\" data-text=\"Vers les postes vacants\" >Vers les postes vacants<\/span>\n\t\t\t\n\t\t\t\t\t<\/span>\n<\/a>\n[\/vc_column_inner][\/vc_row_inner][\/vc_column][\/vc_row]<\/p>\n","protected":false},"excerpt":{"rendered":"<p>[vc_row video_bg=&#8221;yes&#8221; video_local_mp4_url=&#8221;https:\/\/www.youcook-food.com\/wp-content\/uploads\/2026\/02\/KickOff26.mp4&#8243; bg_position=&#8221;center top&#8221; enable_overlay=&#8221;yes&#8221; css=&#8221;.vc_custom_1770132327995{background-image: url(https:\/\/www.youcook-food.com\/wp-content\/uploads\/2025\/12\/produkt-bg.jpg?id=637) !important;background-position: center !important;background-repeat: no-repeat !important;background-size: cover !important;}&#8221; overlay_bg=&#8221;linear-gradient(180deg, rgba(12, 18, 4, 0.3) 1.592356687898089%, rgb(12,18,4) 87.26114649681529%)&#8221; el_class=&#8221;dp-l2-banner dp-product-banner&#8221;][vc_column][vc_row_inner css=&#8221;.vc_custom_1770143914840{padding-top: 200px !important;padding-bottom: 0px !important;}&#8221; responsive_css=&#8221;padding_bottom_large:50px|padding_top_small:200px&#8221;][vc_column_inner responsive_align=&#8221;text-center text-sm-center&#8221;][\/vc_column_inner][vc_column_inner responsive_align=&#8221;text-center&#8221; offset=&#8221;vc_hidden-xs&#8221;][\/vc_column_inner][vc_column_inner offset=&#8221;vc_hidden-lg vc_hidden-md vc_hidden-sm&#8221; responsive_align=&#8221;text-center&#8221;][\/vc_column_inner][\/vc_row_inner][\/vc_column][\/vc_row][vc_row css=&#8221;.vc_custom_1766383884959{padding-top: 30px !important;padding-bottom: 0px !important;}&#8221; responsive_css=&#8221;padding_top_small:70px|padding_bottom_small:70px&#8221;][vc_column][vc_row_inner responsive_css=&#8221;padding_bottom_small:70px&#8221; css=&#8221;.vc_custom_1766383086999{padding-bottom: 20px !important;}&#8221;][vc_column_inner responsive_align=&#8221;text-left text-sm-center&#8221;][vc_single_image image=&#8221;2257&#8243; style=&#8221;vc_box_rounded&#8221; css=&#8221;.vc_custom_1772097256835{border-radius: 10px [&hellip;]<\/p>\n","protected":false},"author":1,"featured_media":0,"parent":0,"menu_order":0,"comment_status":"closed","ping_status":"closed","template":"","meta":{"_seopress_robots_primary_cat":"","_seopress_titles_title":"\u00dcber YOUCOOK \u2013 Unsere Mission f\u00fcr frische Fertiggerichte","_seopress_titles_desc":"Lerne YOUCOOK kennen. Erfahre mehr \u00fcber unsere Mission, hochwertige Fertiggerichte  mit besten Zutaten zu entwickeln.","_seopress_robots_index":"","footnotes":""},"class_list":["post-10687","page","type-page","status-publish","hentry"],"_links":{"self":[{"href":"https:\/\/www.youcook-food.com\/fr\/wp-json\/wp\/v2\/pages\/10687","targetHints":{"allow":["GET"]}}],"collection":[{"href":"https:\/\/www.youcook-food.com\/fr\/wp-json\/wp\/v2\/pages"}],"about":[{"href":"https:\/\/www.youcook-food.com\/fr\/wp-json\/wp\/v2\/types\/page"}],"author":[{"embeddable":true,"href":"https:\/\/www.youcook-food.com\/fr\/wp-json\/wp\/v2\/users\/1"}],"replies":[{"embeddable":true,"href":"https:\/\/www.youcook-food.com\/fr\/wp-json\/wp\/v2\/comments?post=10687"}],"version-history":[{"count":5,"href":"https:\/\/www.youcook-food.com\/fr\/wp-json\/wp\/v2\/pages\/10687\/revisions"}],"predecessor-version":[{"id":10703,"href":"https:\/\/www.youcook-food.com\/fr\/wp-json\/wp\/v2\/pages\/10687\/revisions\/10703"}],"wp:attachment":[{"href":"https:\/\/www.youcook-food.com\/fr\/wp-json\/wp\/v2\/media?parent=10687"}],"curies":[{"name":"wp","href":"https:\/\/api.w.org\/{rel}","templated":true}]}}